{"id":91,"date":"2017-03-16T17:02:31","date_gmt":"2017-03-16T17:02:31","guid":{"rendered":"http:\/\/lexlem.com\/?page_id=91"},"modified":"2020-09-30T11:07:58","modified_gmt":"2020-09-30T11:07:58","slug":"servicios","status":"publish","type":"page","link":"https:\/\/lexlem.com\/en\/servicios","title":{"rendered":"Servicios"},"content":{"rendered":"<p>[vc_row][vc_column][vc_column_text][\/vc_column_text][\/vc_column][\/vc_row][vc_row][vc_column width=&#8221;1\/2&#8243;][vc_single_image image=&#8221;421&#8243; img_size=&#8221;large&#8221; alignment=&#8221;center&#8221; css_animation=&#8221;fadeInLeft&#8221;][vc_separator][vc_column_text]Quiero registrar <strong>mi marca<\/strong>, <strong>patente<\/strong>, <strong>modelo de utilidad<\/strong>, <strong>dise\u00f1o<\/strong>, etc. en cualquier parte del mundo.[\/vc_column_text][vc_btn title=&#8221;M\u00e1s informaci\u00f3n&#8221; style=&#8221;flat&#8221; shape=&#8221;round&#8221; color=&#8221;inverse&#8221; align=&#8221;center&#8221; link=&#8221;url:%23registrar|||&#8221;][\/vc_column][vc_column width=&#8221;1\/2&#8243;][vc_single_image image=&#8221;413&#8243; img_size=&#8221;large&#8221; alignment=&#8221;center&#8221; css_animation=&#8221;fadeInRight&#8221;][vc_separator][vc_column_text]Tengo un problema con <strong>mi marca<\/strong>, <strong>patente<\/strong>, <strong>modelo de utilidad<\/strong>, <strong>dise\u00f1o<\/strong>, etc. y necesito una soluci\u00f3n.[\/vc_column_text][vc_btn title=&#8221;M\u00e1s informaci\u00f3n&#8221; style=&#8221;flat&#8221; shape=&#8221;round&#8221; color=&#8221;inverse&#8221; align=&#8221;center&#8221; link=&#8221;url:%23problema|||&#8221;][\/vc_column][\/vc_row][vc_row full_width=&#8221;stretch_row&#8221; content_placement=&#8221;middle&#8221; css=&#8221;.vc_custom_1571066311960{padding-top: 30px !important;padding-bottom: 50px !important;background-color: #1e1e1e !important;}&#8221;][vc_column][vc_custom_heading text=&#8221;Desde 2012 protegiendo sus intereses en diferentes \u00e1reas de la Propiedad Industrial&#8221; font_container=&#8221;tag:div|font_size:20|text_align:center|color:%23ffffff&#8221; google_fonts=&#8221;font_family:Ubuntu%3A300%2C300italic%2Cregular%2Citalic%2C500%2C500italic%2C700%2C700italic|font_style:400%20regular%3A400%3Anormal&#8221;][vc_custom_heading text=&#8221;Asesoramiento inicial gratuito&#8221; font_container=&#8221;tag:div|font_size:26|text_align:center|color:%23ffffff&#8221; google_fonts=&#8221;font_family:Ubuntu%3A300%2C300italic%2Cregular%2Citalic%2C500%2C500italic%2C700%2C700italic|font_style:400%20regular%3A400%3Anormal&#8221;][vc_btn title=&#8221;Solicitar informaci\u00f3n&#8221; style=&#8221;flat&#8221; shape=&#8221;round&#8221; color=&#8221;danger&#8221; align=&#8221;center&#8221; css_animation=&#8221;bounceIn&#8221; link=&#8221;url:%23contacto|||&#8221; css=&#8221;.vc_custom_1589186217937{margin-top: 20px !important;}&#8221;][\/vc_column][\/vc_row][vc_row el_id=&#8221;registrar&#8221;][vc_column][vc_empty_space height=&#8221;85px&#8221;][vc_custom_heading text=&#8221;Servicios de la propiedad industrial&#8221; font_container=&#8221;tag:h2|text_align:center&#8221;][vc_separator][vc_column_text]<\/p>\n<p style=\"text-align: center;\">La Propiedad Industrial se divide en varios tipos de derechos, dependiendo de la naturaleza y \u00e1mbito de la aplicaci\u00f3n de lo que se pretenda proteger:<\/p>\n<p>[\/vc_column_text][\/vc_column][vc_column width=&#8221;1\/3&#8243;][vc_single_image image=&#8221;414&#8243; img_size=&#8221;large&#8221;][vc_custom_heading text=&#8221;Patentes y Modelos de Utilidad (Invenciones)&#8221; font_container=&#8221;tag:h5|text_align:left&#8221;][vc_separator][vc_column_text]Protegen invenciones consistentes en productos y procedimientos susceptibles de reproducci\u00f3n y reiteraci\u00f3n con fines industriales. Mediante el registro, se evita que otras empresas puedan explotar su inversi\u00f3n.[\/vc_column_text][\/vc_column][vc_column width=&#8221;1\/3&#8243;][vc_single_image image=&#8221;408&#8243; img_size=&#8221;large&#8221;][vc_custom_heading text=&#8221;Marcas, Logos y Nombres Comerciales (Signos Distintivos)&#8221; font_container=&#8221;tag:h5|text_align:left&#8221;][vc_separator][vc_column_text]Protegen combinaciones gr\u00e1ficas y\/o denominativas , entre otros, que ayudan a distinguir en el mercado unos productos o servicios de otros parecidos ofertados por distintos proveedores de la competencia. Para obtener exclusividad, es imprescindible que registres tu signo distintivo, lo protejas y lo defiendas.[\/vc_column_text][\/vc_column][vc_column width=&#8221;1\/3&#8243;][vc_single_image image=&#8221;415&#8243; img_size=&#8221;large&#8221;][vc_custom_heading text=&#8221;Dise\u00f1os<br \/>\nIndustriales&#8221; font_container=&#8221;tag:h5|text_align:left&#8221;][vc_separator][vc_column_text]Protegen la apariencia externa de los productos, en caso de que esta sea novedosa, por ejemplo: l\u00edneas, contornos, texturas, colores, formas, etc.[\/vc_column_text][\/vc_column][vc_column][vc_row_inner][vc_column_inner][vc_custom_heading text=&#8221;Servicios ante Oficinas de Propiedad Industrial&#8221; font_container=&#8221;tag:h3|text_align:left&#8221;][vc_separator][vc_column_text]Nuestra empresa est\u00e1 equipada con la \u00faltima tecnolog\u00eda que nos permite obtener cualquier informaci\u00f3n requerida de una manera eficiente y r\u00e1pida. Utilizamos software de gesti\u00f3n de patentes y marcas empleados por las mayores oficinas, empresas nacionales y multinacionales.[\/vc_column_text][\/vc_column_inner][vc_column_inner width=&#8221;1\/3&#8243;][vc_column_text]<\/p>\n<ul>\n<li>Solicitud de Marcas y Dise\u00f1os<\/li>\n<li>Renovaci\u00f3n de Marcas y Dise\u00f1os<\/li>\n<li>Solicitud de Patentes<\/li>\n<li>Pago de Anualidades de Patentes<\/li>\n<\/ul>\n<p>[\/vc_column_text][\/vc_column_inner][vc_column_inner width=&#8221;1\/3&#8243;][vc_column_text]<\/p>\n<ul>\n<li>Validaci\u00f3n de Patentes Europeas<\/li>\n<li>Oposiciones<\/li>\n<li>Defensa en suspensos\/incidencias<\/li>\n<li>Recursos<\/li>\n<\/ul>\n<p>[\/vc_column_text][\/vc_column_inner][vc_column_inner width=&#8221;1\/3&#8243;][vc_column_text]<\/p>\n<ul>\n<li>Vigilancia y mantenimiento<\/li>\n<li>Cesiones, Licencias, Transferencias<\/li>\n<li>Traducciones T\u00e9cnicas Especializadas<\/li>\n<\/ul>\n<p>[\/vc_column_text][\/vc_column_inner][\/vc_row_inner][vc_empty_space height=&#8221;64px&#8221;][\/vc_column][\/vc_row][vc_row full_width=&#8221;stretch_row&#8221; content_placement=&#8221;middle&#8221; css=&#8221;.vc_custom_1571066331928{padding-top: 30px !important;padding-bottom: 50px !important;background-color: #1e1e1e !important;}&#8221;][vc_column][vc_custom_heading text=&#8221;Proteja la identidad de su empresa, su dise\u00f1o, patente, etc.&#8221; font_container=&#8221;tag:div|font_size:20|text_align:center|color:%23ffffff&#8221; google_fonts=&#8221;font_family:Ubuntu%3A300%2C300italic%2Cregular%2Citalic%2C500%2C500italic%2C700%2C700italic|font_style:400%20regular%3A400%3Anormal&#8221;][vc_custom_heading text=&#8221;Cuidamos y defendemos tus derechos.&#8221; font_container=&#8221;tag:div|font_size:26|text_align:center|color:%23ffffff&#8221; google_fonts=&#8221;font_family:Ubuntu%3A300%2C300italic%2Cregular%2Citalic%2C500%2C500italic%2C700%2C700italic|font_style:400%20regular%3A400%3Anormal&#8221;][vc_btn title=&#8221;Solicitar informaci\u00f3n&#8221; style=&#8221;flat&#8221; shape=&#8221;round&#8221; color=&#8221;danger&#8221; align=&#8221;center&#8221; css_animation=&#8221;bounceIn&#8221; link=&#8221;url:%23contacto|||&#8221; css=&#8221;.vc_custom_1589186615435{margin-top: 20px !important;}&#8221;][\/vc_column][\/vc_row][vc_row el_id=&#8221;problema&#8221;][vc_column][vc_empty_space height=&#8221;85px&#8221;][vc_custom_heading text=&#8221;Servicios jur\u00eddicos, Acciones y Negociaciones&#8221;][vc_separator][vc_column_text]En Lexlem IP te ayudamos a solucionar todos los problemas relacionados con el registro de su marca, patente, modelo de utilidad, dise\u00f1o, etc.[\/vc_column_text][\/vc_column][vc_column width=&#8221;1\/3&#8243;][vc_single_image image=&#8221;402&#8243; img_size=&#8221;360&#215;248&#8243;][vc_custom_heading text=&#8221;Requerimientos y Negociaciones extrajudiciales con terceros&#8221; font_container=&#8221;tag:h5|text_align:center&#8221;][\/vc_column][vc_column width=&#8221;1\/3&#8243;][vc_single_image image=&#8221;401&#8243; img_size=&#8221;360&#215;248&#8243;][vc_custom_heading text=&#8221;Procedimientos Judiciales&#8221; font_container=&#8221;tag:h5|text_align:center&#8221;][\/vc_column][vc_column width=&#8221;1\/3&#8243;][vc_single_image image=&#8221;406&#8243; img_size=&#8221;360&#215;248&#8243;][vc_custom_heading text=&#8221;Recursos Contenciosos Administrativos&#8221; font_container=&#8221;tag:h5|text_align:center&#8221;][\/vc_column][vc_column][\/vc_column][vc_column width=&#8221;1\/2&#8243;][vc_single_image image=&#8221;403&#8243; img_size=&#8221;360&#215;248&#8243; alignment=&#8221;center&#8221;][vc_custom_heading text=&#8221;Caducidades&#8221; font_container=&#8221;tag:h5|text_align:center&#8221;][\/vc_column][vc_column width=&#8221;1\/2&#8243;][vc_single_image image=&#8221;405&#8243; img_size=&#8221;360&#215;248&#8243; alignment=&#8221;center&#8221;][vc_custom_heading text=&#8221;Nulidades&#8221; font_container=&#8221;tag:h5|text_align:center&#8221;][\/vc_column][vc_column][vc_empty_space height=&#8221;64px&#8221;][\/vc_column][\/vc_row][vc_row full_width=&#8221;stretch_row&#8221; content_placement=&#8221;middle&#8221; css=&#8221;.vc_custom_1571066462209{padding-top: 30px !important;padding-bottom: 50px !important;background-color: #1e1e1e !important;}&#8221;][vc_column][vc_custom_heading text=&#8221;Nos ajustamos a sus necesidades espec\u00edficas&#8221; font_container=&#8221;tag:div|font_size:20|text_align:center|color:%23ffffff&#8221; google_fonts=&#8221;font_family:Ubuntu%3A300%2C300italic%2Cregular%2Citalic%2C500%2C500italic%2C700%2C700italic|font_style:400%20regular%3A400%3Anormal&#8221;][vc_custom_heading text=&#8221;Asesoramiento inicial gratuito&#8221; font_container=&#8221;tag:div|font_size:26|text_align:center|color:%23ffffff&#8221; google_fonts=&#8221;font_family:Ubuntu%3A300%2C300italic%2Cregular%2Citalic%2C500%2C500italic%2C700%2C700italic|font_style:400%20regular%3A400%3Anormal&#8221;][vc_btn title=&#8221;Solicitar informaci\u00f3n&#8221; style=&#8221;flat&#8221; shape=&#8221;round&#8221; color=&#8221;danger&#8221; align=&#8221;center&#8221; css_animation=&#8221;bounceIn&#8221; link=&#8221;url:%23contacto|||&#8221; css=&#8221;.vc_custom_1589186517910{margin-top: 20px !important;}&#8221;][\/vc_column][\/vc_row][vc_row el_id=&#8221;proteccion&#8221; css=&#8221;.vc_custom_1571727163592{padding-top: 100px !important;}&#8221;][vc_column][vc_empty_space][vc_custom_heading text=&#8221;\u00c1mbito de Protecci\u00f3n&#8221; font_container=&#8221;tag:h2|text_align:center&#8221;][vc_separator][vc_column_text]<\/p>\n<p style=\"text-align: center;\">Dependiendo de la zona donde se vaya a ofertar el producto\/servicio\/invenci\u00f3n\/dise\u00f1o, se puede proteger en zonas mas o menos amplias.<\/p>\n<p style=\"text-align: center;\">Para ello, Lexlem IP contamos con Agentes Especializados en cualquier parte del planeta.<\/p>\n<p>[\/vc_column_text][\/vc_column][vc_column][vc_row_inner][vc_column_inner width=&#8221;1\/4&#8243;][vc_single_image image=&#8221;388&#8243; img_size=&#8221;200&#215;200&#8243; alignment=&#8221;center&#8221;][vc_custom_heading text=&#8221;Nacional<br \/>\n(Espa\u00f1a)&#8221; font_container=&#8221;tag:h6|text_align:center&#8221;][\/vc_column_inner][vc_column_inner width=&#8221;1\/4&#8243;][vc_single_image image=&#8221;389&#8243; img_size=&#8221;200&#215;200&#8243; alignment=&#8221;center&#8221;][vc_custom_heading text=&#8221;Extranjera<br \/>\n(Cualquier pa\u00eds)&#8221; font_container=&#8221;tag:h6|text_align:center&#8221;][\/vc_column_inner][vc_column_inner width=&#8221;1\/4&#8243;][vc_single_image image=&#8221;387&#8243; img_size=&#8221;full&#8221; alignment=&#8221;center&#8221;][vc_custom_heading text=&#8221;Regionales (varios pa\u00edses a la vez bajo acuerdo para proteger con un solo registro, ej. Europa)&#8221; font_container=&#8221;tag:h6|text_align:center&#8221;][\/vc_column_inner][vc_column_inner width=&#8221;1\/4&#8243;][vc_single_image image=&#8221;595&#8243; img_size=&#8221;full&#8221; alignment=&#8221;center&#8221;][vc_custom_heading text=&#8221;Internacionales (en varios y diferentes pa\u00edses del mundo)&#8221; font_container=&#8221;tag:h6|text_align:center&#8221;][\/vc_column_inner][\/vc_row_inner][\/vc_column][vc_column][vc_empty_space height=&#8221;64px&#8221;][\/vc_column][\/vc_row][vc_row][vc_column][vc_empty_space][vc_custom_heading text=&#8221;\u00daltimas noticias&#8221; font_container=&#8221;tag:h2|text_align:center&#8221;][vc_separator][vc_basic_grid post_type=&#8221;post&#8221; max_items=&#8221;2&#8243; element_width=&#8221;6&#8243; gap=&#8221;35&#8243; grid_id=&#8221;vc_gid:1601463123910-a138124e-dd84-6&#8243;][\/vc_column][\/vc_row][vc_row full_width=&#8221;stretch_row&#8221; css=&#8221;.vc_custom_1589185984649{margin-bottom: -100px !important;padding-top: 100px !important;padding-bottom: 80px !important;background-color: #e8e8e8 !important;}&#8221; el_id=&#8221;contacto&#8221;][vc_column width=&#8221;1\/4&#8243;][\/vc_column][vc_column width=&#8221;1\/2&#8243;][vc_custom_heading text=&#8221;Contacte ahora&#8221; font_container=&#8221;tag:h4|text_align:center&#8221;][vc_separator color=&#8221;custom&#8221; accent_color=&#8221;#565656&#8243;][vc_column_text]\u00bfNecesitas m\u00e1s informaci\u00f3n? M\u00e1ndanos un mensaje a trav\u00e9s de este formulario y te responderemos en la mayor brevedad posible. Tambi\u00e9n puedes contactar con nosotros a trav\u00e9s de WhatsApp desde nuestra p\u00e1gina web.[\/vc_column_text]<div role=\"form\" class=\"wpcf7\" id=\"wpcf7-f9-o2\" lang=\"es-ES\" dir=\"ltr\">\n<div class=\"screen-reader-response\"><p role=\"status\" aria-live=\"polite\" aria-atomic=\"true\"><\/p> <ul><\/ul><\/div>\n<form action=\"\/en\/wp-json\/wp\/v2\/pages\/91#wpcf7-f9-o2\" method=\"post\" class=\"wpcf7-form init\" novalidate=\"novalidate\" data-status=\"init\">\n<div style=\"display: none;\">\n<input type=\"hidden\" name=\"_wpcf7\" value=\"9\" \/>\n<input type=\"hidden\" name=\"_wpcf7_version\" value=\"5.4.1\" \/>\n<input type=\"hidden\" name=\"_wpcf7_locale\" value=\"es_ES\" \/>\n<input type=\"hidden\" name=\"_wpcf7_unit_tag\" value=\"wpcf7-f9-o2\" \/>\n<input type=\"hidden\" name=\"_wpcf7_container_post\" value=\"0\" \/>\n<input type=\"hidden\" name=\"_wpcf7_posted_data_hash\" value=\"\" \/>\n<input type=\"hidden\" name=\"_wpcf7_recaptcha_response\" value=\"\" \/>\n<\/div>\n<p><label> Nombre (requerido)<br \/>\n    <span class=\"wpcf7-form-control-wrap your-name\"><input type=\"text\" name=\"your-name\" value=\"\" size=\"40\" class=\"wpcf7-form-control wpcf7-text wpcf7-validates-as-required\" aria-required=\"true\" aria-invalid=\"false\" \/><\/span> <\/label><\/p>\n<p><label> Correo electr\u00f3nico (requerido)<br \/>\n    <span class=\"wpcf7-form-control-wrap your-email\"><input type=\"email\" name=\"your-email\" value=\"\" size=\"40\" class=\"wpcf7-form-control wpcf7-text wpcf7-email wpcf7-validates-as-required wpcf7-validates-as-email\" aria-required=\"true\" aria-invalid=\"false\" \/><\/span> <\/label><\/p>\n<p><label> Empresa<br \/>\n    <span class=\"wpcf7-form-control-wrap your-company\"><input type=\"text\" name=\"your-company\" value=\"\" size=\"40\" class=\"wpcf7-form-control wpcf7-text\" aria-invalid=\"false\" \/><\/span> <\/label><\/p>\n<p>Para darte nuestro asesoramiento inicial gratuito, dinos qu\u00e9 necesitas. En caso de que el motivo de contacto sea otro, selecciona la opci\u00f3n \"Otro\". Debes seleccionar al menos una opci\u00f3n. (requerido)<\/br><br \/>\n<span class=\"wpcf7-form-control-wrap checkbox-983\"><span class=\"wpcf7-form-control wpcf7-checkbox wpcf7-validates-as-required\"><span class=\"wpcf7-list-item first\"><label><input type=\"checkbox\" name=\"checkbox-983[]\" value=\"Proteger un nuevo producto\" \/><span class=\"wpcf7-list-item-label\">Proteger un nuevo producto<\/span><\/label><\/span><span class=\"wpcf7-list-item\"><label><input type=\"checkbox\" name=\"checkbox-983[]\" value=\"Proteger un servicio\" \/><span class=\"wpcf7-list-item-label\">Proteger un servicio<\/span><\/label><\/span><span class=\"wpcf7-list-item\"><label><input type=\"checkbox\" name=\"checkbox-983[]\" value=\"Proteger un dise\u00f1o\" \/><span class=\"wpcf7-list-item-label\">Proteger un dise\u00f1o<\/span><\/label><\/span><span class=\"wpcf7-list-item\"><label><input type=\"checkbox\" name=\"checkbox-983[]\" value=\"Proteger una invenci\u00f3n\" \/><span class=\"wpcf7-list-item-label\">Proteger una invenci\u00f3n<\/span><\/label><\/span><span class=\"wpcf7-list-item\"><label><input type=\"checkbox\" name=\"checkbox-983[]\" value=\"Defender uno que ya tienes\" \/><span class=\"wpcf7-list-item-label\">Defender uno que ya tienes<\/span><\/label><\/span><span class=\"wpcf7-list-item last\"><label><input type=\"checkbox\" name=\"checkbox-983[]\" value=\"Otro (por favor ind\u00edcalo en el cuerpo del mensaje)\" \/><span class=\"wpcf7-list-item-label\">Otro (por favor ind\u00edcalo en el cuerpo del mensaje)<\/span><\/label><\/span><\/span><\/span><\/p>\n<p><label> Indica el pa\u00eds o pa\u00edses donde quiere proteger su servicio, marca, dise\u00f1o, etc. (requerido)<br \/>\n    <span class=\"wpcf7-form-control-wrap your-country\"><input type=\"text\" name=\"your-country\" value=\"\" size=\"40\" class=\"wpcf7-form-control wpcf7-text wpcf7-validates-as-required\" aria-required=\"true\" aria-invalid=\"false\" \/><\/span> <\/label><\/p>\n<p><label> Descr\u00edbenos en qu\u00e9 est\u00e1 interesado y qu\u00e9 dudas tiene y nos pondremos en contacto a la mayor brevedad:<br \/>\n    <span class=\"wpcf7-form-control-wrap your-message\"><textarea name=\"your-message\" cols=\"40\" rows=\"10\" class=\"wpcf7-form-control wpcf7-textarea\" aria-invalid=\"false\"><\/textarea><\/span> <\/label><\/p>\n<p><label> <span class=\"wpcf7-form-control-wrap acceptance-legal\"><span class=\"wpcf7-form-control wpcf7-acceptance optional\"><span class=\"wpcf7-list-item\"><label><input type=\"checkbox\" name=\"acceptance-legal\" value=\"1\" aria-invalid=\"false\" \/><span class=\"wpcf7-list-item-label\"><span style=\"color: #474342;\"> He le\u00eddo y acepto la<\/span> <a href=\"#https:\/\/www.braserianavarro.com\/politica-de-privacidad\/\" target=\"_blank\" rel=\"noopener\">pol\u00edtica de privacidad<\/a><\/span><\/label><\/span><\/span><\/span> <\/label><\/p>\n<p><input type=\"submit\" value=\"Enviar\" class=\"wpcf7-form-control wpcf7-submit\" \/><\/p>\n<div class=\"wpcf7-response-output\" aria-hidden=\"true\"><\/div><\/form><\/div>[\/vc_column][vc_column width=&#8221;1\/4&#8243;][\/vc_column][\/vc_row][vc_column][\/vc_column]<\/p>","protected":false},"excerpt":{"rendered":"<p>[vc_row][vc_column][vc_column_text][\/vc_column_text][\/vc_column][\/vc_row][vc_row][vc_column width=&#8221;1\/2&#8243;][vc_single_image image=&#8221;421&#8243; img_size=&#8221;large&#8221; alignment=&#8221;center&#8221; css_animation=&#8221;fadeInLeft&#8221;][vc_separator][vc_column_text]Quiero registrar mi marca, patente, modelo de utilidad, dise\u00f1o, etc. en cualquier parte del mundo.[\/vc_column_text][vc_btn title=&#8221;M\u00e1s informaci\u00f3n&#8221; style=&#8221;flat&#8221; shape=&#8221;round&#8221; color=&#8221;inverse&#8221; align=&#8221;center&#8221; link=&#8221;url:%23registrar|||&#8221;][\/vc_column][vc_column width=&#8221;1\/2&#8243;][vc_single_image image=&#8221;413&#8243; img_size=&#8221;large&#8221; alignment=&#8221;center&#8221; css_animation=&#8221;fadeInRight&#8221;][vc_separator][vc_column_text]Tengo un problema con mi marca, patente, modelo de utilidad, dise\u00f1o, etc. y necesito una soluci\u00f3n.[\/vc_column_text][vc_btn title=&#8221;M\u00e1s informaci\u00f3n&#8221; style=&#8221;flat&#8221; shape=&#8221;round&#8221; color=&#8221;inverse&#8221; align=&#8221;center&#8221; link=&#8221;url:%23problema|||&#8221;][\/vc_column][\/vc_row][vc_row full_width=&#8221;stretch_row&#8221; [&hellip;]<\/p>\n","protected":false},"author":2,"featured_media":0,"parent":0,"menu_order":0,"comment_status":"closed","ping_status":"closed","template":"","meta":[],"_links":{"self":[{"href":"https:\/\/lexlem.com\/en\/wp-json\/wp\/v2\/pages\/91"}],"collection":[{"href":"https:\/\/lexlem.com\/en\/wp-json\/wp\/v2\/pages"}],"about":[{"href":"https:\/\/lexlem.com\/en\/wp-json\/wp\/v2\/types\/page"}],"author":[{"embeddable":true,"href":"https:\/\/lexlem.com\/en\/wp-json\/wp\/v2\/users\/2"}],"replies":[{"embeddable":true,"href":"https:\/\/lexlem.com\/en\/wp-json\/wp\/v2\/comments?post=91"}],"version-history":[{"count":91,"href":"https:\/\/lexlem.com\/en\/wp-json\/wp\/v2\/pages\/91\/revisions"}],"predecessor-version":[{"id":653,"href":"https:\/\/lexlem.com\/en\/wp-json\/wp\/v2\/pages\/91\/revisions\/653"}],"wp:attachment":[{"href":"https:\/\/lexlem.com\/en\/wp-json\/wp\/v2\/media?parent=91"}],"curies":[{"name":"wp","href":"https:\/\/api.w.org\/{rel}","templated":true}]}}